{"id":1083,"date":"2022-11-15T12:51:55","date_gmt":"2022-11-15T12:51:55","guid":{"rendered":"https:\/\/abde-bc.com\/software-y-sistemas\/"},"modified":"2022-11-15T12:51:55","modified_gmt":"2022-11-15T12:51:55","slug":"software-y-sistemas","status":"publish","type":"page","link":"https:\/\/abde-bc.com\/es\/software-y-sistemas\/","title":{"rendered":"Software y sistemas"},"content":{"rendered":"\t\t<div data-elementor-type=\"wp-page\" data-elementor-id=\"1083\" class=\"elementor elementor-1083 elementor-55\">\n\t\t\t\t\t\t\t<div class=\"elementor-element elementor-element-656221c e-container--column e-container\" data-id=\"656221c\" data-element_type=\"container\" data-settings=\"{&quot;background_background&quot;:&quot;classic&quot;}\">\t\t<\/div><div class=\"elementor-element elementor-element-810c7d1 e-container--row e-container\" data-id=\"810c7d1\" data-element_type=\"container\">\t\t<div class=\"elementor-element elementor-element-814b0bb e-container--column e-container\" data-id=\"814b0bb\" data-element_type=\"container\">\t\t\t\t<div class=\"elementor-element elementor-element-1472c1d elementor-widget elementor-widget-heading\" data-id=\"1472c1d\" data-element_type=\"widget\" data-widget_type=\"heading.default\">\n\t\t\t\t<div class=\"elementor-widget-container\">\n\t\t\t<style>\/*! elementor - v3.7.8 - 02-10-2022 *\/\n.elementor-heading-title{padding:0;margin:0;line-height:1}.elementor-widget-heading .elementor-heading-title[class*=elementor-size-]>a{color:inherit;font-size:inherit;line-height:inherit}.elementor-widget-heading .elementor-heading-title.elementor-size-small{font-size:15px}.elementor-widget-heading .elementor-heading-title.elementor-size-medium{font-size:19px}.elementor-widget-heading .elementor-heading-title.elementor-size-large{font-size:29px}.elementor-widget-heading .elementor-heading-title.elementor-size-xl{font-size:39px}.elementor-widget-heading .elementor-heading-title.elementor-size-xxl{font-size:59px}<\/style><h2 class=\"elementor-heading-title elementor-size-default\">Software y sistemas<\/h2>\t\t<\/div>\n\t\t\t\t<\/div>\n\t\t\t\t<div class=\"elementor-element elementor-element-e96ca6c elementor-widget elementor-widget-text-editor\" data-id=\"e96ca6c\" data-element_type=\"widget\" data-widget_type=\"text-editor.default\">\n\t\t\t\t<div class=\"elementor-widget-container\">\n\t\t\t<style>\/*! elementor - v3.7.8 - 02-10-2022 *\/\n.elementor-widget-text-editor.elementor-drop-cap-view-stacked .elementor-drop-cap{background-color:#818a91;color:#fff}.elementor-widget-text-editor.elementor-drop-cap-view-framed .elementor-drop-cap{color:#818a91;border:3px solid;background-color:transparent}.elementor-widget-text-editor:not(.elementor-drop-cap-view-default) .elementor-drop-cap{margin-top:8px}.elementor-widget-text-editor:not(.elementor-drop-cap-view-default) .elementor-drop-cap-letter{width:1em;height:1em}.elementor-widget-text-editor .elementor-drop-cap{float:left;text-align:center;line-height:1;font-size:50px}.elementor-widget-text-editor .elementor-drop-cap-letter{display:inline-block}<\/style>\t\t\t\t<p>Nuestras competencias nos permiten acompa\u00f1ar a nuestros clientes a lo largo del ciclo de concepci\u00f3n y desarrollo de sus productos y proyectos en los siguientes campos:<\/p>\n<div class=\"checklist\"><ul><li>Ingenier\u00eda de Software: An\u00e1lisis, Dise\u00f1o, Desarrollo, Soporte\/Mantenimiento, Pruebas y Certificaci\u00f3n (Java Javascript, J2EE, Struts, VB, C\/C++, .NET, PL\/SQL, PHP, DHTML&#8230;)<\/li>\n<li>Bases de Datos: administraci\u00f3n, migraci\u00f3n&#8230; (Oracle, Sybase, MySQL&#8230;)<\/li>\n<li>Integraci\u00f3n de sistemas (EAI): XML, Tibco, MQ Series, Corba, Tuxedo&#8230;<\/li>\n<li>Administraci\u00f3n de Sistemas, Seguridad.<\/li>\n<li>Ingenier\u00eda de Producto: SMS, MMS, Video Streaming, Soluciones de reconocimiento de voz, WAP, Push To Talk<\/li>\n<li>Gesti\u00f3n de contenidos empresariales (Documentum, Vignette, Stellent&#8230;)<\/li>\n<li>Inteligencia de negocio, Datawharehouse, Datamnining<\/li>\n<\/ul>\n<\/div>\t\t\t\t\t\t<\/div>\n\t\t\t\t<\/div>\n\t\t<\/div><div class=\"elementor-element elementor-element-db70aa6 e-container--row e-container\" data-id=\"db70aa6\" data-element_type=\"container\">\t\t\t\t<div class=\"elementor-element elementor-element-c23a038 elementor-widget elementor-widget-image-carousel\" data-id=\"c23a038\" data-element_type=\"widget\" data-settings=\"{&quot;navigation&quot;:&quot;none&quot;,&quot;image_spacing_custom&quot;:{&quot;unit&quot;:&quot;px&quot;,&quot;size&quot;:51,&quot;sizes&quot;:[]},&quot;autoplay&quot;:&quot;yes&quot;,&quot;pause_on_hover&quot;:&quot;yes&quot;,&quot;pause_on_interaction&quot;:&quot;yes&quot;,&quot;autoplay_speed&quot;:5000,&quot;infinite&quot;:&quot;yes&quot;,&quot;speed&quot;:500}\" data-widget_type=\"image-carousel.default\">\n\t\t\t\t<div class=\"elementor-widget-container\">\n\t\t\t<style>\/*! elementor - v3.7.8 - 02-10-2022 *\/\n.elementor-widget-image-carousel .swiper-container{position:static}.elementor-widget-image-carousel .swiper-container .swiper-slide figure{line-height:inherit}.elementor-widget-image-carousel .swiper-slide{text-align:center}.elementor-image-carousel-wrapper:not(.swiper-container-initialized) .swiper-slide{max-width:calc(100% \/ var(--e-image-carousel-slides-to-show, 3))}<\/style>\t\t<div class=\"elementor-image-carousel-wrapper swiper-container\" dir=\"ltr\">\n\t\t\t<div class=\"elementor-image-carousel swiper-wrapper\">\n\t\t\t\t\t\t\t\t<div class=\"swiper-slide\"><figure class=\"swiper-slide-inner\"><img decoding=\"async\" class=\"swiper-slide-image\" src=\"https:\/\/abde-bc.com\/wp-content\/uploads\/2022\/10\/tech-java.png\" alt=\"tech-java\" \/><\/figure><\/div><div class=\"swiper-slide\"><figure class=\"swiper-slide-inner\"><img decoding=\"async\" class=\"swiper-slide-image\" src=\"https:\/\/abde-bc.com\/wp-content\/uploads\/2022\/10\/tech-js.png\" alt=\"tech-js\" \/><\/figure><\/div><div class=\"swiper-slide\"><figure class=\"swiper-slide-inner\"><img decoding=\"async\" class=\"swiper-slide-image\" src=\"https:\/\/abde-bc.com\/wp-content\/uploads\/2022\/10\/tech-oracle.png\" alt=\"tech-oracle\" \/><\/figure><\/div><div class=\"swiper-slide\"><figure class=\"swiper-slide-inner\"><img decoding=\"async\" class=\"swiper-slide-image\" src=\"https:\/\/abde-bc.com\/wp-content\/uploads\/2022\/10\/tech-php.png\" alt=\"tech-php\" \/><\/figure><\/div>\t\t\t<\/div>\n\t\t\t\t\t\t\t\t\t\t\t\t\t\t\t\t<\/div>\n\t\t\t\t<\/div>\n\t\t\t\t<\/div>\n\t\t<\/div><\/div>\t\t\t\t\t<\/div>\n\t\t","protected":false},"excerpt":{"rendered":"<p>Software y sistemas Nuestras competencias nos permiten acompa\u00f1ar a nuestros clientes a lo largo del ciclo de concepci\u00f3n y desarrollo de sus productos y proyectos en los siguientes campos: Ingenier\u00eda de Software: An\u00e1lisis, Dise\u00f1o, Desarrollo, Soporte\/Mantenimiento, Pruebas y Certificaci\u00f3n (Java Javascript, J2EE, Struts, VB, C\/C++, .NET, PL\/SQL, PHP, DHTML&#8230;) Bases de Datos: administraci\u00f3n, migraci\u00f3n&#8230; (Oracle, [&hellip;]<\/p>\n","protected":false},"author":1,"featured_media":933,"parent":0,"menu_order":0,"comment_status":"closed","ping_status":"closed","template":"","meta":{"footnotes":""},"class_list":["post-1083","page","type-page","status-publish","has-post-thumbnail","hentry"],"yoast_head":"<!-- This site is optimized with the Yoast SEO plugin v19.9 - https:\/\/yoast.com\/wordpress\/plugins\/seo\/ -->\n<title>Software y sistemas - ABDE Business Consulting<\/title>\n<meta name=\"robots\" content=\"index, follow, max-snippet:-1, max-image-preview:large, max-video-preview:-1\" \/>\n<link rel=\"canonical\" href=\"https:\/\/abde-bc.com\/es\/software-y-sistemas\/\" \/>\n<meta property=\"og:locale\" content=\"es_ES\" \/>\n<meta property=\"og:type\" content=\"article\" \/>\n<meta property=\"og:title\" content=\"Software y sistemas - ABDE Business Consulting\" \/>\n<meta property=\"og:description\" content=\"Software y sistemas Nuestras competencias nos permiten acompa\u00f1ar a nuestros clientes a lo largo del ciclo de concepci\u00f3n y desarrollo de sus productos y proyectos en los siguientes campos: Ingenier\u00eda de Software: An\u00e1lisis, Dise\u00f1o, Desarrollo, Soporte\/Mantenimiento, Pruebas y Certificaci\u00f3n (Java Javascript, J2EE, Struts, VB, C\/C++, .NET, PL\/SQL, PHP, DHTML&#8230;) Bases de Datos: administraci\u00f3n, migraci\u00f3n&#8230; (Oracle, [&hellip;]\" \/>\n<meta property=\"og:url\" content=\"https:\/\/abde-bc.com\/es\/software-y-sistemas\/\" \/>\n<meta property=\"og:site_name\" content=\"ABDE Business Consulting\" \/>\n<meta property=\"og:image\" content=\"https:\/\/abde-bc.com\/wp-content\/uploads\/2022\/10\/thisisengineering-raeng-IpTPp_aPbYE-unsplash-1024x683.jpg\" \/>\n\t<meta property=\"og:image:width\" content=\"1024\" \/>\n\t<meta property=\"og:image:height\" content=\"683\" \/>\n\t<meta property=\"og:image:type\" content=\"image\/jpeg\" \/>\n<meta name=\"twitter:card\" content=\"summary_large_image\" \/>\n<meta name=\"twitter:label1\" content=\"Tiempo de lectura\" \/>\n\t<meta name=\"twitter:data1\" content=\"1 minuto\" \/>\n<script type=\"application\/ld+json\" class=\"yoast-schema-graph\">{\"@context\":\"https:\/\/schema.org\",\"@graph\":[{\"@type\":\"WebPage\",\"@id\":\"https:\/\/abde-bc.com\/es\/software-y-sistemas\/\",\"url\":\"https:\/\/abde-bc.com\/es\/software-y-sistemas\/\",\"name\":\"Software y sistemas - ABDE Business Consulting\",\"isPartOf\":{\"@id\":\"https:\/\/abde-bc.com\/#website\"},\"datePublished\":\"2022-11-15T12:51:55+00:00\",\"dateModified\":\"2022-11-15T12:51:55+00:00\",\"breadcrumb\":{\"@id\":\"https:\/\/abde-bc.com\/es\/software-y-sistemas\/#breadcrumb\"},\"inLanguage\":\"es\",\"potentialAction\":[{\"@type\":\"ReadAction\",\"target\":[\"https:\/\/abde-bc.com\/es\/software-y-sistemas\/\"]}]},{\"@type\":\"BreadcrumbList\",\"@id\":\"https:\/\/abde-bc.com\/es\/software-y-sistemas\/#breadcrumb\",\"itemListElement\":[{\"@type\":\"ListItem\",\"position\":1,\"name\":\"Home\",\"item\":\"https:\/\/abde-bc.com\/es\/\"},{\"@type\":\"ListItem\",\"position\":2,\"name\":\"Software y sistemas\"}]},{\"@type\":\"WebSite\",\"@id\":\"https:\/\/abde-bc.com\/#website\",\"url\":\"https:\/\/abde-bc.com\/\",\"name\":\"ABDE Business Consulting\",\"description\":\"Engineering &amp; Research\",\"publisher\":{\"@id\":\"https:\/\/abde-bc.com\/#organization\"},\"potentialAction\":[{\"@type\":\"SearchAction\",\"target\":{\"@type\":\"EntryPoint\",\"urlTemplate\":\"https:\/\/abde-bc.com\/?s={search_term_string}\"},\"query-input\":\"required name=search_term_string\"}],\"inLanguage\":\"es\"},{\"@type\":\"Organization\",\"@id\":\"https:\/\/abde-bc.com\/#organization\",\"name\":\"ABDE Business Consulting\",\"url\":\"https:\/\/abde-bc.com\/\",\"logo\":{\"@type\":\"ImageObject\",\"inLanguage\":\"es\",\"@id\":\"https:\/\/abde-bc.com\/#\/schema\/logo\/image\/\",\"url\":\"https:\/\/abde-bc.com\/wp-content\/uploads\/2022\/10\/abde-business-consulting.svg\",\"contentUrl\":\"https:\/\/abde-bc.com\/wp-content\/uploads\/2022\/10\/abde-business-consulting.svg\",\"width\":1161,\"height\":409,\"caption\":\"ABDE Business Consulting\"},\"image\":{\"@id\":\"https:\/\/abde-bc.com\/#\/schema\/logo\/image\/\"}}]}<\/script>\n<!-- \/ Yoast SEO plugin. -->","yoast_head_json":{"title":"Software y sistemas - ABDE Business Consulting","robots":{"index":"index","follow":"follow","max-snippet":"max-snippet:-1","max-image-preview":"max-image-preview:large","max-video-preview":"max-video-preview:-1"},"canonical":"https:\/\/abde-bc.com\/es\/software-y-sistemas\/","og_locale":"es_ES","og_type":"article","og_title":"Software y sistemas - ABDE Business Consulting","og_description":"Software y sistemas Nuestras competencias nos permiten acompa\u00f1ar a nuestros clientes a lo largo del ciclo de concepci\u00f3n y desarrollo de sus productos y proyectos en los siguientes campos: Ingenier\u00eda de Software: An\u00e1lisis, Dise\u00f1o, Desarrollo, Soporte\/Mantenimiento, Pruebas y Certificaci\u00f3n (Java Javascript, J2EE, Struts, VB, C\/C++, .NET, PL\/SQL, PHP, DHTML&#8230;) Bases de Datos: administraci\u00f3n, migraci\u00f3n&#8230; (Oracle, [&hellip;]","og_url":"https:\/\/abde-bc.com\/es\/software-y-sistemas\/","og_site_name":"ABDE Business Consulting","og_image":[{"width":1024,"height":683,"url":"https:\/\/abde-bc.com\/wp-content\/uploads\/2022\/10\/thisisengineering-raeng-IpTPp_aPbYE-unsplash-1024x683.jpg","type":"image\/jpeg"}],"twitter_card":"summary_large_image","twitter_misc":{"Tiempo de lectura":"1 minuto"},"schema":{"@context":"https:\/\/schema.org","@graph":[{"@type":"WebPage","@id":"https:\/\/abde-bc.com\/es\/software-y-sistemas\/","url":"https:\/\/abde-bc.com\/es\/software-y-sistemas\/","name":"Software y sistemas - ABDE Business Consulting","isPartOf":{"@id":"https:\/\/abde-bc.com\/#website"},"datePublished":"2022-11-15T12:51:55+00:00","dateModified":"2022-11-15T12:51:55+00:00","breadcrumb":{"@id":"https:\/\/abde-bc.com\/es\/software-y-sistemas\/#breadcrumb"},"inLanguage":"es","potentialAction":[{"@type":"ReadAction","target":["https:\/\/abde-bc.com\/es\/software-y-sistemas\/"]}]},{"@type":"BreadcrumbList","@id":"https:\/\/abde-bc.com\/es\/software-y-sistemas\/#breadcrumb","itemListElement":[{"@type":"ListItem","position":1,"name":"Home","item":"https:\/\/abde-bc.com\/es\/"},{"@type":"ListItem","position":2,"name":"Software y sistemas"}]},{"@type":"WebSite","@id":"https:\/\/abde-bc.com\/#website","url":"https:\/\/abde-bc.com\/","name":"ABDE Business Consulting","description":"Engineering &amp; Research","publisher":{"@id":"https:\/\/abde-bc.com\/#organization"},"potentialAction":[{"@type":"SearchAction","target":{"@type":"EntryPoint","urlTemplate":"https:\/\/abde-bc.com\/?s={search_term_string}"},"query-input":"required name=search_term_string"}],"inLanguage":"es"},{"@type":"Organization","@id":"https:\/\/abde-bc.com\/#organization","name":"ABDE Business Consulting","url":"https:\/\/abde-bc.com\/","logo":{"@type":"ImageObject","inLanguage":"es","@id":"https:\/\/abde-bc.com\/#\/schema\/logo\/image\/","url":"https:\/\/abde-bc.com\/wp-content\/uploads\/2022\/10\/abde-business-consulting.svg","contentUrl":"https:\/\/abde-bc.com\/wp-content\/uploads\/2022\/10\/abde-business-consulting.svg","width":1161,"height":409,"caption":"ABDE Business Consulting"},"image":{"@id":"https:\/\/abde-bc.com\/#\/schema\/logo\/image\/"}}]}},"_links":{"self":[{"href":"https:\/\/abde-bc.com\/es\/wp-json\/wp\/v2\/pages\/1083","targetHints":{"allow":["GET"]}}],"collection":[{"href":"https:\/\/abde-bc.com\/es\/wp-json\/wp\/v2\/pages"}],"about":[{"href":"https:\/\/abde-bc.com\/es\/wp-json\/wp\/v2\/types\/page"}],"author":[{"embeddable":true,"href":"https:\/\/abde-bc.com\/es\/wp-json\/wp\/v2\/users\/1"}],"replies":[{"embeddable":true,"href":"https:\/\/abde-bc.com\/es\/wp-json\/wp\/v2\/comments?post=1083"}],"version-history":[{"count":1,"href":"https:\/\/abde-bc.com\/es\/wp-json\/wp\/v2\/pages\/1083\/revisions"}],"predecessor-version":[{"id":1084,"href":"https:\/\/abde-bc.com\/es\/wp-json\/wp\/v2\/pages\/1083\/revisions\/1084"}],"wp:featuredmedia":[{"embeddable":true,"href":"https:\/\/abde-bc.com\/es\/wp-json\/wp\/v2\/media\/933"}],"wp:attachment":[{"href":"https:\/\/abde-bc.com\/es\/wp-json\/wp\/v2\/media?parent=1083"}],"curies":[{"name":"wp","href":"https:\/\/api.w.org\/{rel}","templated":true}]}}